{"id":1174,"date":"2021-10-29T13:48:19","date_gmt":"2021-10-29T13:48:19","guid":{"rendered":"https:\/\/endouroloji.org.tr\/?page_id=1174"},"modified":"2021-10-29T13:48:19","modified_gmt":"2021-10-29T13:48:19","slug":"yonetim-kurulu","status":"publish","type":"page","link":"https:\/\/endourolojibulteni.com\/en\/yonetim-kurulu\/","title":{"rendered":"Y\u00f6netim Kurulu"},"content":{"rendered":"\n<figure class=\"wp-block-table\"><table><tbody><tr><td><img decoding=\"async\" src=\"https:\/\/endouroloji.org.tr\/yonetim_kurulu\/levent-tuncay.jpg\" width=\"107\" height=\"127\"><\/td><td><strong>Prof. Dr. \u00d6mer Levent Tuncay<\/strong><br>Ba\u015fkan<br>Pamukkale \u00dcniversitesi<br>\u00dcroloji Anabilim Dal\u0131<br><br><strong>Denizli<\/strong><\/td><\/tr><tr><td><img decoding=\"async\" src=\"https:\/\/endouroloji.org.tr\/yonetim_kurulu\/ilkerseckiner-1.jpg\" width=\"103\" height=\"132\"><\/td><td><strong>Prof. Dr. \u0130lker Se\u00e7kiner<\/strong><br>II. Ba\u015fkan<br>Gaziantep \u00dcniversitesi T\u0131p Fak\u00fcltesi<br>\u00dcroloji Anabilim Dal\u0131<br><br><strong>Gaziantep<\/strong><\/td><\/tr><tr><td><img decoding=\"async\" src=\"https:\/\/endouroloji.org.tr\/yonetim_kurulu\/gokhan_atis.jpg\" width=\"99\" height=\"120\"><\/td><td><strong>Prof. Dr. Ramazan G\u00f6khan At\u0131\u015f<\/strong><br>Genel Sekreter<br>Medeniyet \u00dcniversitesi<br>\u00dcroloji Anabilim Dal\u0131<br><br><strong>\u0130stanbul<\/strong><\/td><\/tr><tr><td><img loading=\"lazy\" decoding=\"async\" src=\"https:\/\/endouroloji.org.tr\/yonetim_kurulu\/a_yaser.jpg\" width=\"107\" height=\"127\"><\/td><td><strong>Prof. Dr. Ahmet Yaser M\u00fcsl\u00fcmano\u011flu<\/strong><br>Sayman<br>Ba\u011fc\u0131lar E\u011fitim ve Ara\u015ft\u0131rma Hastanesi<br>\u00dcroloji Klinigi<br><br><strong>\u0130stanbul<\/strong><\/td><\/tr><tr><td><img loading=\"lazy\" decoding=\"async\" src=\"https:\/\/endouroloji.org.tr\/yonetim_kurulu\/ismetyavascaoglu.jpg\" width=\"107\" height=\"127\"><\/td><td><strong>Prof. Dr. \u0130smet Yava\u015fcao\u011flu<\/strong><br>\u00dcye<br>Uluda\u011f \u00dcniversitesi<br>\u00dcroloji Klinigi<br><br><strong>Bursa<\/strong><\/td><\/tr><tr><td><img loading=\"lazy\" decoding=\"async\" src=\"https:\/\/endouroloji.org.tr\/yonetim_kurulu\/Hasan_Bakirtas.jpg\" width=\"107\" height=\"127\"><\/td><td><strong>Prof. Dr. Hasan Bak\u0131rta\u015f<\/strong><br>\u00dcye<br>&#8211;<br><br><strong>Ankara<\/strong><\/td><\/tr><tr><td><img loading=\"lazy\" decoding=\"async\" src=\"https:\/\/endouroloji.org.tr\/yonetim_kurulu\/Senol_Adanur.jpg\" width=\"107\" height=\"127\"><\/td><td><strong>Prof. Dr. \u015eenol Adanur<\/strong><br>\u00dcye<br>Atat\u00fcrk \u00dcniversitesi<br>\u00dcroloji Anabilim Dal\u0131<br><br><strong>Erzurum<\/strong><\/td><\/tr><tr><td><img loading=\"lazy\" decoding=\"async\" src=\"https:\/\/endouroloji.org.tr\/yonetim_kurulu\/Tevfik_Aktoz.jpg\" width=\"107\" height=\"127\"><\/td><td><strong>Prof. Dr. Tevfik Aktoz<\/strong><br>\u00dcye<br>Trakya \u00dcniversitesi T\u0131p Fak\u00fcltesi<br>\u00dcroloji Anabilim Dal\u0131<br><br><strong>Edirne<\/strong><\/td><\/tr><tr><td><img loading=\"lazy\" decoding=\"async\" src=\"https:\/\/endouroloji.org.tr\/yonetim_kurulu\/Mert_Ali_Karadag.jpg\" width=\"107\" height=\"127\"><\/td><td><strong>Do\u00e7. Dr. Mert Ali Karada\u011f<\/strong><br>\u00dcye<br>Kayseri \u015eehir Hastanesi<br>\u00dcroloji Klini\u011fi<br><br><strong>Kayseri<\/strong><\/td><\/tr><\/tbody><\/table><\/figure>\n","protected":false},"excerpt":{"rendered":"<p>Prof. Dr. \u00d6mer Levent TuncayBa\u015fkanPamukkale \u00dcniversitesi\u00dcroloji Anabilim Dal\u0131 Denizli Prof. Dr. \u0130lker Se\u00e7kinerII. Ba\u015fkanGaziantep \u00dcniversitesi T\u0131p Fak\u00fcltesi\u00dcroloji Anabilim Dal\u0131 Gaziantep Prof. Dr. Ramazan G\u00f6khan At\u0131\u015fGenel SekreterMedeniyet \u00dcniversitesi\u00dcroloji Anabilim Dal\u0131 \u0130stanbul Prof. Dr. Ahmet Yaser M\u00fcsl\u00fcmano\u011fluSaymanBa\u011fc\u0131lar E\u011fitim ve Ara\u015ft\u0131rma Hastanesi\u00dcroloji Klinigi \u0130stanbul Prof. Dr. \u0130smet Yava\u015fcao\u011flu\u00dcyeUluda\u011f \u00dcniversitesi\u00dcroloji Klinigi Bursa Prof. Dr. Hasan Bak\u0131rta\u015f\u00dcye&#8211; Ankara Prof. Dr. [&hellip;]<\/p>\n","protected":false},"author":1,"featured_media":0,"parent":0,"menu_order":0,"comment_status":"closed","ping_status":"closed","template":"","meta":{"footnotes":""},"class_list":["post-1174","page","type-page","status-publish","hentry"],"blocksy_meta":[],"_links":{"self":[{"href":"https:\/\/endourolojibulteni.com\/en\/wp-json\/wp\/v2\/pages\/1174","targetHints":{"allow":["GET"]}}],"collection":[{"href":"https:\/\/endourolojibulteni.com\/en\/wp-json\/wp\/v2\/pages"}],"about":[{"href":"https:\/\/endourolojibulteni.com\/en\/wp-json\/wp\/v2\/types\/page"}],"author":[{"embeddable":true,"href":"https:\/\/endourolojibulteni.com\/en\/wp-json\/wp\/v2\/users\/1"}],"replies":[{"embeddable":true,"href":"https:\/\/endourolojibulteni.com\/en\/wp-json\/wp\/v2\/comments?post=1174"}],"version-history":[{"count":0,"href":"https:\/\/endourolojibulteni.com\/en\/wp-json\/wp\/v2\/pages\/1174\/revisions"}],"wp:attachment":[{"href":"https:\/\/endourolojibulteni.com\/en\/wp-json\/wp\/v2\/media?parent=1174"}],"curies":[{"name":"wp","href":"https:\/\/api.w.org\/{rel}","templated":true}]}}