{"id":1499,"date":"2021-12-27T14:37:31","date_gmt":"2021-12-27T14:37:31","guid":{"rendered":"https:\/\/endourolojibulteni.com\/en\/?page_id=1499"},"modified":"2021-12-27T15:07:19","modified_gmt":"2021-12-27T15:07:19","slug":"home","status":"publish","type":"page","link":"https:\/\/endourolojibulteni.com\/en\/home\/","title":{"rendered":"Home"},"content":{"rendered":"<ul class=\"wp-block-latest-posts__list is-grid columns-3 has-dates wp-block-latest-posts\"><li><div class=\"wp-block-latest-posts__featured-image\"><img decoding=\"async\" width=\"150\" height=\"150\" src=\"https:\/\/endourolojibulteni.com\/en\/wp-content\/uploads\/sites\/2\/2025\/10\/17-3-cover-150x150.jpg\" class=\"attachment-thumbnail size-thumbnail wp-post-image\" alt=\"\" style=\"\" \/><\/div><a class=\"wp-block-latest-posts__post-title\" href=\"https:\/\/endourolojibulteni.com\/en\/vol-18-issue-1\/\">Vol 18 Issue 1<\/a><time datetime=\"2026-02-03T15:47:49+00:00\" class=\"wp-block-latest-posts__post-date\">February 3, 2026<\/time><div class=\"wp-block-latest-posts__post-excerpt\">Editorial Board Message Prof.Dr. R. G\u00f6khan ATI\u015e Editorial Borad Arbitrators List Contents Original Article Frequency of Anxiety and Depression in Urolithiasis Patients Undergoing Ureteral Stent Removal Abuzer \u00d6zt\u00fcrk, H\u00fcseyin Sosa, \u0130brahim Karaca, \u0130smail Emre Ergin, Aydemir Asdemir Original Article Urological Evaluation Processes of Patients with Microscopic Hematuria Identified in Primary Healthcare Services: A Retrospective Analysis\u2026 <a class=\"wp-block-latest-posts__read-more\" href=\"https:\/\/endourolojibulteni.com\/en\/vol-18-issue-1\/\" rel=\"noopener noreferrer\">Read more<span class=\"screen-reader-text\">: Vol 18 Issue 1<\/span><\/a><\/div><\/li>\n<li><div class=\"wp-block-latest-posts__featured-image\"><img decoding=\"async\" width=\"150\" height=\"150\" src=\"https:\/\/endourolojibulteni.com\/en\/wp-content\/uploads\/sites\/2\/2025\/10\/17-3-cover-150x150.jpg\" class=\"attachment-thumbnail size-thumbnail wp-post-image\" alt=\"\" style=\"\" \/><\/div><a class=\"wp-block-latest-posts__post-title\" href=\"https:\/\/endourolojibulteni.com\/en\/vol-17-issue-3\/\">Vol 17 Issue 3<\/a><time datetime=\"2025-10-08T11:54:11+00:00\" class=\"wp-block-latest-posts__post-date\">October 8, 2025<\/time><div class=\"wp-block-latest-posts__post-excerpt\">Editorial Board Message Prof.Dr. R. G\u00f6khan ATI\u015e Editorial Borad Arbitrators List Contents Original Article The Effect of Ureteral JJ Stent Removal Methods on Pain Intensity in Male Patients Under Local Anesthesia Emre Hep\u015fen, \u0130smail Emre Ergin Original Article Factors Affecting Forgotten Ureteral Stents \u00c7a\u011fr\u0131 Co\u015fkun, U\u011fur Ayd\u0131n, Kayhan Tar\u0131m, Engin Derek\u00f6yl\u00fc Original Article Relationship of\u2026 <a class=\"wp-block-latest-posts__read-more\" href=\"https:\/\/endourolojibulteni.com\/en\/vol-17-issue-3\/\" rel=\"noopener noreferrer\">Read more<span class=\"screen-reader-text\">: Vol 17 Issue 3<\/span><\/a><\/div><\/li>\n<li><div class=\"wp-block-latest-posts__featured-image\"><img decoding=\"async\" width=\"150\" height=\"150\" src=\"https:\/\/endourolojibulteni.com\/en\/wp-content\/uploads\/sites\/2\/2023\/02\/2023-15-1-Cover-150x150.jpg\" class=\"attachment-thumbnail size-thumbnail wp-post-image\" alt=\"\" style=\"\" \/><\/div><a class=\"wp-block-latest-posts__post-title\" href=\"https:\/\/endourolojibulteni.com\/en\/vol-17-issue-2\/\">Vol 17 Issue 2<\/a><time datetime=\"2025-06-19T09:18:32+00:00\" class=\"wp-block-latest-posts__post-date\">June 19, 2025<\/time><div class=\"wp-block-latest-posts__post-excerpt\">Editorial Board Message Prof.Dr. R. G\u00f6khan ATI\u015e Editorial Borad Arbitrators List Contents Original Article Lower Cost Way of Retrograde Intrarenal Surgery Aydemir Asdemir, Abuzer \u00d6zt\u00fcrk, \u0130smail Emre Ergin, H\u00fcseyin Sayg\u0131n, Esat Kor\u011fal\u0131 Original Article How Reliable are Imaging Study Reports in Assessing Pediatric Ureteropelvic Junction Obstruction? A Real-World Experience Ali Sezer, Emre Kandemir, Bilge T\u00fcredi\u2026 <a class=\"wp-block-latest-posts__read-more\" href=\"https:\/\/endourolojibulteni.com\/en\/vol-17-issue-2\/\" rel=\"noopener noreferrer\">Read more<span class=\"screen-reader-text\">: Vol 17 Issue 2<\/span><\/a><\/div><\/li>\n<li><div class=\"wp-block-latest-posts__featured-image\"><img decoding=\"async\" width=\"150\" height=\"150\" src=\"https:\/\/endourolojibulteni.com\/en\/wp-content\/uploads\/sites\/2\/2023\/02\/2023-15-1-Cover-150x150.jpg\" class=\"attachment-thumbnail size-thumbnail wp-post-image\" alt=\"\" style=\"\" \/><\/div><a class=\"wp-block-latest-posts__post-title\" href=\"https:\/\/endourolojibulteni.com\/en\/vol-17-issue-1\/\">Vol 17 Issue 1<\/a><time datetime=\"2025-06-19T07:17:03+00:00\" class=\"wp-block-latest-posts__post-date\">June 19, 2025<\/time><div class=\"wp-block-latest-posts__post-excerpt\">Editorial Board Message Prof.Dr. R. G\u00f6khan ATI\u015e Editorial Borad Arbitrators List Contents Original Article Mechanical Lithotriptor: A Modern Perspective on an Undervalued Tool Halil Ibrahim Ivelik, Okan Alkis, Mehmet Sevim, Ibrahim Guven Kartal, Seref Coser, H\u00fcseyin \u00d6zg\u00fcr Kazan, Bekir Aras Original Article Retrospective Clinicopathological Evaluation of Cases Undergoing Radical Orchiectomy: A Single-Center Experience Ali Erhan\u2026 <a class=\"wp-block-latest-posts__read-more\" href=\"https:\/\/endourolojibulteni.com\/en\/vol-17-issue-1\/\" rel=\"noopener noreferrer\">Read more<span class=\"screen-reader-text\">: Vol 17 Issue 1<\/span><\/a><\/div><\/li>\n<li><div class=\"wp-block-latest-posts__featured-image\"><img decoding=\"async\" width=\"150\" height=\"150\" src=\"https:\/\/endourolojibulteni.com\/en\/wp-content\/uploads\/sites\/2\/2023\/02\/2023-15-1-Cover-150x150.jpg\" class=\"attachment-thumbnail size-thumbnail wp-post-image\" alt=\"\" style=\"\" \/><\/div><a class=\"wp-block-latest-posts__post-title\" href=\"https:\/\/endourolojibulteni.com\/en\/vol-16-issue-3\/\">Vol 16 Issue 3<\/a><time datetime=\"2024-10-08T12:21:20+00:00\" class=\"wp-block-latest-posts__post-date\">October 8, 2024<\/time><div class=\"wp-block-latest-posts__post-excerpt\">Editorial Board Message Prof.Dr. R. G\u00f6khan ATI\u015e Editorial Borad Arbitrators List Contents Original Article Comparison of Retzius Sparing Robot-Assisted Radical Prostatectomy and Conventional Robot-Assisted Radical Prostatectomy in Terms of Surgical Margin Positivity Ali Kaan Y\u0131ld\u0131z, Arif Bedirhan Bayraktar, Demirhan \u00d6rsan Demir, Turgay Ka\u00e7an, Yusuf G\u00f6kkurt, Bu\u011fra Bilge Kesero\u011flu, Tolga Karakan Original Article Comparison of Supine\u2026 <a class=\"wp-block-latest-posts__read-more\" href=\"https:\/\/endourolojibulteni.com\/en\/vol-16-issue-3\/\" rel=\"noopener noreferrer\">Read more<span class=\"screen-reader-text\">: Vol 16 Issue 3<\/span><\/a><\/div><\/li>\n<\/ul>","protected":false},"excerpt":{"rendered":"","protected":false},"author":1,"featured_media":0,"parent":0,"menu_order":0,"comment_status":"closed","ping_status":"closed","template":"","meta":{"footnotes":""},"class_list":["post-1499","page","type-page","status-publish","hentry"],"blocksy_meta":[],"_links":{"self":[{"href":"https:\/\/endourolojibulteni.com\/en\/wp-json\/wp\/v2\/pages\/1499","targetHints":{"allow":["GET"]}}],"collection":[{"href":"https:\/\/endourolojibulteni.com\/en\/wp-json\/wp\/v2\/pages"}],"about":[{"href":"https:\/\/endourolojibulteni.com\/en\/wp-json\/wp\/v2\/types\/page"}],"author":[{"embeddable":true,"href":"https:\/\/endourolojibulteni.com\/en\/wp-json\/wp\/v2\/users\/1"}],"replies":[{"embeddable":true,"href":"https:\/\/endourolojibulteni.com\/en\/wp-json\/wp\/v2\/comments?post=1499"}],"version-history":[{"count":4,"href":"https:\/\/endourolojibulteni.com\/en\/wp-json\/wp\/v2\/pages\/1499\/revisions"}],"predecessor-version":[{"id":1516,"href":"https:\/\/endourolojibulteni.com\/en\/wp-json\/wp\/v2\/pages\/1499\/revisions\/1516"}],"wp:attachment":[{"href":"https:\/\/endourolojibulteni.com\/en\/wp-json\/wp\/v2\/media?parent=1499"}],"curies":[{"name":"wp","href":"https:\/\/api.w.org\/{rel}","templated":true}]}}