{"id":282,"date":"2021-10-27T15:37:30","date_gmt":"2021-10-27T15:37:30","guid":{"rendered":"https:\/\/endouroloji.org.tr\/?page_id=282"},"modified":"2021-12-23T08:57:17","modified_gmt":"2021-12-23T08:57:17","slug":"advisory-board","status":"publish","type":"page","link":"https:\/\/endourolojibulteni.com\/en\/advisory-board\/","title":{"rendered":"Advisory Board"},"content":{"rendered":"\n<p>Abdullah Demirta\u015f<\/p>\n\n\n\n<p>Abdullah Erdem Canda<\/p>\n\n\n\n<p>Abd\u00fclmuttalip \u015eim\u015fek<\/p>\n\n\n\n<p>Adem Sanc\u0131<\/p>\n\n\n\n<p>Ahmet Tahra<\/p>\n\n\n\n<p>Akif Erbil<\/p>\n\n\n\n<p>Ali \u0130hsan Ta\u015f\u00e7\u0131<\/p>\n\n\n\n<p>Ali Serdar G\u00f6zen<\/p>\n\n\n\n<p>Alper \u00d6t\u00fcn\u00e7temur<\/p>\n\n\n\n<p>Altu\u011f Tuncel<\/p>\n\n\n\n<p>Arif Ayd\u0131n<\/p>\n\n\n\n<p>Bilal Ery\u0131ld\u0131r\u0131m<\/p>\n\n\n\n<p>B\u00fclent Erkurt<\/p>\n\n\n\n<p>\u00c7a\u011fatay \u00c7i\u00e7ek<\/p>\n\n\n\n<p>Emrah Y\u00fcr\u00fck<\/p>\n\n\n\n<p>Emre Can Polat<\/p>\n\n\n\n<p>Ersan Arda<\/p>\n\n\n\n<p>Ey\u00fcp Veli K\u00fc\u00e7\u00fck<\/p>\n\n\n\n<p>Fahri Erhan Sadio\u011flu<\/p>\n\n\n\n<p>Fatih Altunrende<\/p>\n\n\n\n<p>Fevzi Arda Atar<\/p>\n\n\n\n<p>G\u00f6khan Ecer<\/p>\n\n\n\n<p>Hakan K\u0131l\u0131\u00e7arslan<\/p>\n\n\n\n<p>\u0130brahim Karabulut<\/p>\n\n\n\n<p>Jean de la Rosette<\/p>\n\n\n\n<p>Kadir \u00d6m\u00fcr G\u00fcnseren<\/p>\n\n\n\n<p>Kemal Erta\u015f<\/p>\n\n\n\n<p>Kemal Sar\u0131ca<\/p>\n\n\n\n<p>M.\u00d6ner \u015eanl\u0131<\/p>\n\n\n\n<p>Mahmud Zahid \u00dcnl\u00fc<\/p>\n\n\n\n<p>Mehmet Fatih Akbulut<\/p>\n\n\n\n<p>Mehmet \u0130lker G\u00f6k\u00e7e<\/p>\n\n\n\n<p>Mehmet Salih Bo\u011fa<\/p>\n\n\n\n<p>Melih Balc\u0131<\/p>\n\n\n\n<p>Murad Akand<\/p>\n\n\n\n<p>Murat Zor<\/p>\n\n\n\n<p>Mustafa Zafer Temiz<\/p>\n\n\n\n<p>Necip Pirin\u00e7\u00e7i<\/p>\n\n\n\n<p>\u00d6mer Onur \u00c7ak\u0131r<\/p>\n\n\n\n<p>Pilar Laguna<\/p>\n\n\n\n<p>Sel\u00e7uk \u015eahin<\/p>\n\n\n\n<p>Sercan Sar\u0131<\/p>\n\n\n\n<p>Serdar Ar\u0131san<\/p>\n\n\n\n<p>Serdar Yal\u00e7\u0131n<\/p>\n\n\n\n<p>Sinan \u00c7elen<\/p>\n\n\n\n<p>Taha U\u00e7ar<\/p>\n\n\n\n<p>Tayfun Oktar<\/p>\n\n\n\n<p>Tzevat Tevfik<\/p>\n\n\n\n<p>Ural O\u011fuz<\/p>\n\n\n\n<p>Vahit G\u00fczelbur\u00e7<\/p>\n\n\n\n<p>Yi\u011fit Ak\u0131n<\/p>\n\n\n\n<p>Y\u0131lmaz Aslan<\/p>\n","protected":false},"excerpt":{"rendered":"<p>Abdullah Demirta\u015f Abdullah Erdem Canda Abd\u00fclmuttalip \u015eim\u015fek Adem Sanc\u0131 Ahmet Tahra Akif Erbil Ali \u0130hsan Ta\u015f\u00e7\u0131 Ali Serdar G\u00f6zen Alper \u00d6t\u00fcn\u00e7temur Altu\u011f Tuncel Arif Ayd\u0131n Bilal Ery\u0131ld\u0131r\u0131m B\u00fclent Erkurt \u00c7a\u011fatay \u00c7i\u00e7ek Emrah Y\u00fcr\u00fck Emre Can Polat Ersan Arda Ey\u00fcp Veli K\u00fc\u00e7\u00fck Fahri Erhan Sadio\u011flu Fatih Altunrende Fevzi Arda Atar G\u00f6khan Ecer Hakan K\u0131l\u0131\u00e7arslan \u0130brahim Karabulut [&hellip;]<\/p>\n","protected":false},"author":1,"featured_media":0,"parent":0,"menu_order":0,"comment_status":"closed","ping_status":"closed","template":"","meta":{"footnotes":""},"class_list":["post-282","page","type-page","status-publish","hentry"],"blocksy_meta":[],"_links":{"self":[{"href":"https:\/\/endourolojibulteni.com\/en\/wp-json\/wp\/v2\/pages\/282","targetHints":{"allow":["GET"]}}],"collection":[{"href":"https:\/\/endourolojibulteni.com\/en\/wp-json\/wp\/v2\/pages"}],"about":[{"href":"https:\/\/endourolojibulteni.com\/en\/wp-json\/wp\/v2\/types\/page"}],"author":[{"embeddable":true,"href":"https:\/\/endourolojibulteni.com\/en\/wp-json\/wp\/v2\/users\/1"}],"replies":[{"embeddable":true,"href":"https:\/\/endourolojibulteni.com\/en\/wp-json\/wp\/v2\/comments?post=282"}],"version-history":[{"count":4,"href":"https:\/\/endourolojibulteni.com\/en\/wp-json\/wp\/v2\/pages\/282\/revisions"}],"predecessor-version":[{"id":1448,"href":"https:\/\/endourolojibulteni.com\/en\/wp-json\/wp\/v2\/pages\/282\/revisions\/1448"}],"wp:attachment":[{"href":"https:\/\/endourolojibulteni.com\/en\/wp-json\/wp\/v2\/media?parent=282"}],"curies":[{"name":"wp","href":"https:\/\/api.w.org\/{rel}","templated":true}]}}