{"id":53,"date":"2020-03-16T13:19:06","date_gmt":"2020-03-16T13:19:06","guid":{"rendered":"https:\/\/endouroloji.org.tr\/?page_id=53"},"modified":"2021-12-23T08:53:45","modified_gmt":"2021-12-23T08:53:45","slug":"iletisim","status":"publish","type":"page","link":"https:\/\/endourolojibulteni.com\/en\/iletisim\/","title":{"rendered":"Contact"},"content":{"rendered":"\n<p><strong>Coordinator:<\/strong><br>Fatma Ta\u015f\u00e7\u0131\u00a0<\/p>\n\n\n\n<p><strong>Endourology Society<\/strong><br>Prof. Nurettin Mazhar \u00d6ktel Sk. Lale Palas Apt. 10\/2 34382 \u015ei\u015fli \u0130stanbul\u00a0<br><br><strong>GSM :<\/strong>0541 710 34 05\u00a0<br><br><strong>E-mail: <\/strong><a href=\"mailto:endouroloji@endouroloji.org.tr\">endouroloji@endouroloji.org.tr<\/a> <\/p>\n","protected":false},"excerpt":{"rendered":"<p>Coordinator:Fatma Ta\u015f\u00e7\u0131\u00a0 Endourology SocietyProf. Nurettin Mazhar \u00d6ktel Sk. Lale Palas Apt. 10\/2 34382 \u015ei\u015fli \u0130stanbul\u00a0 GSM :0541 710<\/p>\n","protected":false},"author":1,"featured_media":0,"parent":0,"menu_order":0,"comment_status":"closed","ping_status":"closed","template":"","meta":{"footnotes":""},"class_list":["post-53","page","type-page","status-publish","hentry"],"_links":{"self":[{"href":"https:\/\/endourolojibulteni.com\/en\/wp-json\/wp\/v2\/pages\/53","targetHints":{"allow":["GET"]}}],"collection":[{"href":"https:\/\/endourolojibulteni.com\/en\/wp-json\/wp\/v2\/pages"}],"about":[{"href":"https:\/\/endourolojibulteni.com\/en\/wp-json\/wp\/v2\/types\/page"}],"author":[{"embeddable":true,"href":"https:\/\/endourolojibulteni.com\/en\/wp-json\/wp\/v2\/users\/1"}],"replies":[{"embeddable":true,"href":"https:\/\/endourolojibulteni.com\/en\/wp-json\/wp\/v2\/comments?post=53"}],"version-history":[{"count":1,"href":"https:\/\/endourolojibulteni.com\/en\/wp-json\/wp\/v2\/pages\/53\/revisions"}],"predecessor-version":[{"id":1445,"href":"https:\/\/endourolojibulteni.com\/en\/wp-json\/wp\/v2\/pages\/53\/revisions\/1445"}],"wp:attachment":[{"href":"https:\/\/endourolojibulteni.com\/en\/wp-json\/wp\/v2\/media?parent=53"}],"curies":[{"name":"wp","href":"https:\/\/api.w.org\/{rel}","templated":true}]}}